{"id":840,"date":"2018-09-10T10:22:17","date_gmt":"2018-09-10T07:22:17","guid":{"rendered":"https:\/\/dominatesales.ee\/koolitusele-registreerumine\/"},"modified":"2019-10-16T14:03:13","modified_gmt":"2019-10-16T11:03:13","slug":"koolitusele-registreerumine","status":"publish","type":"page","link":"https:\/\/dominatesales.ee\/en\/koolitusele-registreerumine\/","title":{"rendered":"Registration for training"},"content":{"rendered":"<p>Teie info on j\u00f5udnud meieni. V\u00f5tame teiega detailide t\u00e4psustamiseks \u00f5ige pea \u00fchendust!<\/p>\n<p>Dominate Sales<\/p>\n<p>&nbsp;<\/p>\n<p>&nbsp;<\/p>\n<p>&nbsp;<\/p>\n<p>&nbsp;<\/p>\n<p>&nbsp;<\/p>\n<p>&nbsp;<\/p>\n","protected":false},"excerpt":{"rendered":"<p>Teie info on j\u00f5udnud meieni. V\u00f5tame teiega detailide t\u00e4psustamiseks \u00f5ige pea \u00fchendust! Dominate Sales &nbsp; &nbsp; &nbsp; &nbsp; &nbsp; &nbsp;<\/p>\n","protected":false},"author":5,"featured_media":0,"parent":0,"menu_order":20,"comment_status":"closed","ping_status":"closed","template":"","meta":{"_acf_changed":false,"inline_featured_image":false,"_monsterinsights_skip_tracking":false,"_monsterinsights_sitenote_active":false,"_monsterinsights_sitenote_note":"","_monsterinsights_sitenote_category":0,"footnotes":""},"class_list":["post-840","page","type-page","status-publish","hentry"],"acf":[],"yoast_head":"<!-- This site is optimized with the Yoast SEO plugin v27.5 - https:\/\/yoast.com\/product\/yoast-seo-wordpress\/ -->\n<title>Registration for training - Dominate Sales<\/title>\n<meta name=\"robots\" content=\"noindex, follow\" \/>\n<meta property=\"og:locale\" content=\"en_US\" \/>\n<meta property=\"og:type\" content=\"article\" \/>\n<meta property=\"og:title\" content=\"Registration for training - Dominate Sales\" \/>\n<meta property=\"og:description\" content=\"Teie info on j\u00f5udnud meieni. V\u00f5tame teiega detailide t\u00e4psustamiseks \u00f5ige pea \u00fchendust! Dominate Sales &nbsp; &nbsp; &nbsp; &nbsp; &nbsp; &nbsp;\" \/>\n<meta property=\"og:url\" content=\"https:\/\/dominatesales.ee\/en\/koolitusele-registreerumine\/\" \/>\n<meta property=\"og:site_name\" content=\"Dominate Sales\" \/>\n<meta property=\"article:modified_time\" content=\"2019-10-16T11:03:13+00:00\" \/>\n<meta property=\"og:image\" content=\"https:\/\/dominatesales.ee\/wp-content\/uploads\/2024\/04\/DS-Pipedrivemuugikonsultant-scaled.jpg\" \/>\n\t<meta property=\"og:image:width\" content=\"2560\" \/>\n\t<meta property=\"og:image:height\" content=\"1707\" \/>\n\t<meta property=\"og:image:type\" content=\"image\/jpeg\" \/>\n<meta name=\"twitter:card\" content=\"summary_large_image\" \/>\n<script type=\"application\/ld+json\" class=\"yoast-schema-graph\">{\"@context\":\"https:\\\/\\\/schema.org\",\"@graph\":[{\"@type\":\"WebPage\",\"@id\":\"https:\\\/\\\/dominatesales.ee\\\/en\\\/koolitusele-registreerumine\\\/\",\"url\":\"https:\\\/\\\/dominatesales.ee\\\/en\\\/koolitusele-registreerumine\\\/\",\"name\":\"Registration for training - Dominate Sales\",\"isPartOf\":{\"@id\":\"https:\\\/\\\/dominatesales.ee\\\/en\\\/#website\"},\"datePublished\":\"2018-09-10T07:22:17+00:00\",\"dateModified\":\"2019-10-16T11:03:13+00:00\",\"breadcrumb\":{\"@id\":\"https:\\\/\\\/dominatesales.ee\\\/en\\\/koolitusele-registreerumine\\\/#breadcrumb\"},\"inLanguage\":\"en-US\",\"potentialAction\":[{\"@type\":\"ReadAction\",\"target\":[\"https:\\\/\\\/dominatesales.ee\\\/en\\\/koolitusele-registreerumine\\\/\"]}]},{\"@type\":\"BreadcrumbList\",\"@id\":\"https:\\\/\\\/dominatesales.ee\\\/en\\\/koolitusele-registreerumine\\\/#breadcrumb\",\"itemListElement\":[{\"@type\":\"ListItem\",\"position\":1,\"name\":\"Home\",\"item\":\"https:\\\/\\\/dominatesales.ee\\\/en\\\/\"},{\"@type\":\"ListItem\",\"position\":2,\"name\":\"Registration for training\"}]},{\"@type\":\"WebSite\",\"@id\":\"https:\\\/\\\/dominatesales.ee\\\/en\\\/#website\",\"url\":\"https:\\\/\\\/dominatesales.ee\\\/en\\\/\",\"name\":\"Dominate Sales\",\"description\":\"\",\"publisher\":{\"@id\":\"https:\\\/\\\/dominatesales.ee\\\/en\\\/#organization\"},\"potentialAction\":[{\"@type\":\"SearchAction\",\"target\":{\"@type\":\"EntryPoint\",\"urlTemplate\":\"https:\\\/\\\/dominatesales.ee\\\/en\\\/?s={search_term_string}\"},\"query-input\":{\"@type\":\"PropertyValueSpecification\",\"valueRequired\":true,\"valueName\":\"search_term_string\"}}],\"inLanguage\":\"en-US\"},{\"@type\":\"Organization\",\"@id\":\"https:\\\/\\\/dominatesales.ee\\\/en\\\/#organization\",\"name\":\"Dominate Sales\",\"url\":\"https:\\\/\\\/dominatesales.ee\\\/en\\\/\",\"logo\":{\"@type\":\"ImageObject\",\"inLanguage\":\"en-US\",\"@id\":\"https:\\\/\\\/dominatesales.ee\\\/en\\\/#\\\/schema\\\/logo\\\/image\\\/\",\"url\":\"https:\\\/\\\/dominatesales.ee\\\/wp-content\\\/uploads\\\/2018\\\/09\\\/M\u00fc\u00fcgikoolitused.png\",\"contentUrl\":\"https:\\\/\\\/dominatesales.ee\\\/wp-content\\\/uploads\\\/2018\\\/09\\\/M\u00fc\u00fcgikoolitused.png\",\"width\":76,\"height\":84,\"caption\":\"Dominate Sales\"},\"image\":{\"@id\":\"https:\\\/\\\/dominatesales.ee\\\/en\\\/#\\\/schema\\\/logo\\\/image\\\/\"}}]}<\/script>\n<!-- \/ Yoast SEO plugin. -->","yoast_head_json":{"title":"Registration for training - Dominate Sales","robots":{"index":"noindex","follow":"follow"},"og_locale":"en_US","og_type":"article","og_title":"Registration for training - Dominate Sales","og_description":"Teie info on j\u00f5udnud meieni. V\u00f5tame teiega detailide t\u00e4psustamiseks \u00f5ige pea \u00fchendust! Dominate Sales &nbsp; &nbsp; &nbsp; &nbsp; &nbsp; &nbsp;","og_url":"https:\/\/dominatesales.ee\/en\/koolitusele-registreerumine\/","og_site_name":"Dominate Sales","article_modified_time":"2019-10-16T11:03:13+00:00","og_image":[{"width":2560,"height":1707,"url":"https:\/\/dominatesales.ee\/wp-content\/uploads\/2024\/04\/DS-Pipedrivemuugikonsultant-scaled.jpg","type":"image\/jpeg"}],"twitter_card":"summary_large_image","schema":{"@context":"https:\/\/schema.org","@graph":[{"@type":"WebPage","@id":"https:\/\/dominatesales.ee\/en\/koolitusele-registreerumine\/","url":"https:\/\/dominatesales.ee\/en\/koolitusele-registreerumine\/","name":"Registration for training - Dominate Sales","isPartOf":{"@id":"https:\/\/dominatesales.ee\/en\/#website"},"datePublished":"2018-09-10T07:22:17+00:00","dateModified":"2019-10-16T11:03:13+00:00","breadcrumb":{"@id":"https:\/\/dominatesales.ee\/en\/koolitusele-registreerumine\/#breadcrumb"},"inLanguage":"en-US","potentialAction":[{"@type":"ReadAction","target":["https:\/\/dominatesales.ee\/en\/koolitusele-registreerumine\/"]}]},{"@type":"BreadcrumbList","@id":"https:\/\/dominatesales.ee\/en\/koolitusele-registreerumine\/#breadcrumb","itemListElement":[{"@type":"ListItem","position":1,"name":"Home","item":"https:\/\/dominatesales.ee\/en\/"},{"@type":"ListItem","position":2,"name":"Registration for training"}]},{"@type":"WebSite","@id":"https:\/\/dominatesales.ee\/en\/#website","url":"https:\/\/dominatesales.ee\/en\/","name":"Dominate Sales","description":"","publisher":{"@id":"https:\/\/dominatesales.ee\/en\/#organization"},"potentialAction":[{"@type":"SearchAction","target":{"@type":"EntryPoint","urlTemplate":"https:\/\/dominatesales.ee\/en\/?s={search_term_string}"},"query-input":{"@type":"PropertyValueSpecification","valueRequired":true,"valueName":"search_term_string"}}],"inLanguage":"en-US"},{"@type":"Organization","@id":"https:\/\/dominatesales.ee\/en\/#organization","name":"Dominate Sales","url":"https:\/\/dominatesales.ee\/en\/","logo":{"@type":"ImageObject","inLanguage":"en-US","@id":"https:\/\/dominatesales.ee\/en\/#\/schema\/logo\/image\/","url":"https:\/\/dominatesales.ee\/wp-content\/uploads\/2018\/09\/M\u00fc\u00fcgikoolitused.png","contentUrl":"https:\/\/dominatesales.ee\/wp-content\/uploads\/2018\/09\/M\u00fc\u00fcgikoolitused.png","width":76,"height":84,"caption":"Dominate Sales"},"image":{"@id":"https:\/\/dominatesales.ee\/en\/#\/schema\/logo\/image\/"}}]}},"_links":{"self":[{"href":"https:\/\/dominatesales.ee\/en\/wp-json\/wp\/v2\/pages\/840","targetHints":{"allow":["GET"]}}],"collection":[{"href":"https:\/\/dominatesales.ee\/en\/wp-json\/wp\/v2\/pages"}],"about":[{"href":"https:\/\/dominatesales.ee\/en\/wp-json\/wp\/v2\/types\/page"}],"author":[{"embeddable":true,"href":"https:\/\/dominatesales.ee\/en\/wp-json\/wp\/v2\/users\/5"}],"replies":[{"embeddable":true,"href":"https:\/\/dominatesales.ee\/en\/wp-json\/wp\/v2\/comments?post=840"}],"version-history":[{"count":2,"href":"https:\/\/dominatesales.ee\/en\/wp-json\/wp\/v2\/pages\/840\/revisions"}],"predecessor-version":[{"id":842,"href":"https:\/\/dominatesales.ee\/en\/wp-json\/wp\/v2\/pages\/840\/revisions\/842"}],"wp:attachment":[{"href":"https:\/\/dominatesales.ee\/en\/wp-json\/wp\/v2\/media?parent=840"}],"curies":[{"name":"wp","href":"https:\/\/api.w.org\/{rel}","templated":true}]}}