{"id":857,"date":"2019-02-28T07:25:20","date_gmt":"2019-02-28T05:25:20","guid":{"rendered":"https:\/\/dominatesales.ee\/?page_id=857"},"modified":"2019-12-09T15:01:54","modified_gmt":"2019-12-09T13:01:54","slug":"ambitsioon","status":"publish","type":"page","link":"https:\/\/dominatesales.ee\/en\/ambitsioon\/","title":{"rendered":"Ambition"},"content":{"rendered":"<p><img fetchpriority=\"high\" decoding=\"async\" class=\"alignnone wp-image-681 size-large\" src=\"https:\/\/dominatesales.ee\/wp-content\/uploads\/2019\/02\/Ambitsioon-1206x799.jpg\" alt=\"\" width=\"1140\" height=\"755\" srcset=\"https:\/\/dominatesales.ee\/wp-content\/uploads\/2019\/02\/Ambitsioon-1206x799.jpg 1206w, https:\/\/dominatesales.ee\/wp-content\/uploads\/2019\/02\/Ambitsioon-300x199.jpg 300w, https:\/\/dominatesales.ee\/wp-content\/uploads\/2019\/02\/Ambitsioon-768x509.jpg 768w, https:\/\/dominatesales.ee\/wp-content\/uploads\/2019\/02\/Ambitsioon-180x119.jpg 180w, https:\/\/dominatesales.ee\/wp-content\/uploads\/2019\/02\/Ambitsioon-121x80.jpg 121w, https:\/\/dominatesales.ee\/wp-content\/uploads\/2019\/02\/Ambitsioon-144x95.jpg 144w, https:\/\/dominatesales.ee\/wp-content\/uploads\/2019\/02\/Ambitsioon-48x32.jpg 48w, https:\/\/dominatesales.ee\/wp-content\/uploads\/2019\/02\/Ambitsioon-60x40.jpg 60w, https:\/\/dominatesales.ee\/wp-content\/uploads\/2019\/02\/Ambitsioon.jpg 1821w\" sizes=\"(max-width: 1140px) 100vw, 1140px\" \/><\/p>\n<p>Ambition is an exclusive program for those who have a serious desire to make or change their own business AND start selling 2 times better guaranteed!<\/p>\n<p>During our years of operation, we have developed a program that has completed each program:<\/p>\n<p>The sales person was able to multiply their sales results.<br \/>\nThe manager has been able to make his sales team much better.<\/p>\n<p>There is only one BUT here .. Like any desirable change in life, it also requires ambition and consistency. If you want to evolve, grow &#8211; and are ready to work hard and change &#8211; then this is the program for you! For our part, we guarantee you results!<\/p>\n<p>Anyone who has taken this journey with us and has gone through this year&#8217;s program has increased their sales as a person at least 2 times and as a company or team leader has made their team grow by at least 30%. Today there are just over ten of them. Would you like to be the next? Think twice!<\/p>\n<p>What would multiple growth mean for you? How much higher income? How much more profitable is the company? Opportunity to have more choices, freedom? Opportunity to expand? How much would you be prepared to pay for it today, in time, in work, and in money, if you knew that in a year&#8217;s time you would earn considerably more?<\/p>\n","protected":false},"excerpt":{"rendered":"<p>Ambition is an exclusive program for those who have a serious desire to make or change their own business AND&#8230;<\/p>\n","protected":false},"author":3,"featured_media":0,"parent":0,"menu_order":26,"comment_status":"closed","ping_status":"closed","template":"","meta":{"_acf_changed":false,"inline_featured_image":false,"_monsterinsights_skip_tracking":false,"_monsterinsights_sitenote_active":false,"_monsterinsights_sitenote_note":"","_monsterinsights_sitenote_category":0,"footnotes":""},"class_list":["post-857","page","type-page","status-publish","hentry"],"acf":[],"yoast_head":"<!-- This site is optimized with the Yoast SEO plugin v27.4 - https:\/\/yoast.com\/product\/yoast-seo-wordpress\/ -->\n<title>Ambition, t\u00f5sine soov teha muutus - Dominate Sales<\/title>\n<meta name=\"description\" content=\"Ambitsioon on eksklusiivne programm neile, kellel on t\u00f5sine soov teha endas v\u00f5i oma firmas muutus JA hakata garanteeritult kaks korda paremini m\u00fc\u00fcma!\" \/>\n<meta name=\"robots\" content=\"index, follow, max-snippet:-1, max-image-preview:large, max-video-preview:-1\" \/>\n<link rel=\"canonical\" href=\"https:\/\/dominatesales.ee\/en\/ambitsioon\/\" \/>\n<meta property=\"og:locale\" content=\"en_US\" \/>\n<meta property=\"og:type\" content=\"article\" \/>\n<meta property=\"og:title\" content=\"Ambition, t\u00f5sine soov teha muutus - Dominate Sales\" \/>\n<meta property=\"og:description\" content=\"Ambitsioon on eksklusiivne programm neile, kellel on t\u00f5sine soov teha endas v\u00f5i oma firmas muutus JA hakata garanteeritult kaks korda paremini m\u00fc\u00fcma!\" \/>\n<meta property=\"og:url\" content=\"https:\/\/dominatesales.ee\/en\/ambitsioon\/\" \/>\n<meta property=\"og:site_name\" content=\"Dominate Sales\" \/>\n<meta property=\"article:modified_time\" content=\"2019-12-09T13:01:54+00:00\" \/>\n<meta property=\"og:image\" content=\"https:\/\/dominatesales.ee\/wp-content\/uploads\/2019\/02\/Ambitsioon-1206x799.jpg\" \/>\n<meta name=\"twitter:card\" content=\"summary_large_image\" \/>\n<meta name=\"twitter:label1\" content=\"Est. reading time\" \/>\n\t<meta name=\"twitter:data1\" content=\"1 minute\" \/>\n<script type=\"application\/ld+json\" class=\"yoast-schema-graph\">{\"@context\":\"https:\\\/\\\/schema.org\",\"@graph\":[{\"@type\":\"WebPage\",\"@id\":\"https:\\\/\\\/dominatesales.ee\\\/en\\\/ambitsioon\\\/\",\"url\":\"https:\\\/\\\/dominatesales.ee\\\/en\\\/ambitsioon\\\/\",\"name\":\"Ambition, t\u00f5sine soov teha muutus - Dominate Sales\",\"isPartOf\":{\"@id\":\"https:\\\/\\\/dominatesales.ee\\\/en\\\/#website\"},\"primaryImageOfPage\":{\"@id\":\"https:\\\/\\\/dominatesales.ee\\\/en\\\/ambitsioon\\\/#primaryimage\"},\"image\":{\"@id\":\"https:\\\/\\\/dominatesales.ee\\\/en\\\/ambitsioon\\\/#primaryimage\"},\"thumbnailUrl\":\"https:\\\/\\\/dominatesales.ee\\\/wp-content\\\/uploads\\\/2019\\\/02\\\/Ambitsioon-1206x799.jpg\",\"datePublished\":\"2019-02-28T05:25:20+00:00\",\"dateModified\":\"2019-12-09T13:01:54+00:00\",\"description\":\"Ambitsioon on eksklusiivne programm neile, kellel on t\u00f5sine soov teha endas v\u00f5i oma firmas muutus JA hakata garanteeritult kaks korda paremini m\u00fc\u00fcma!\",\"breadcrumb\":{\"@id\":\"https:\\\/\\\/dominatesales.ee\\\/en\\\/ambitsioon\\\/#breadcrumb\"},\"inLanguage\":\"en-US\",\"potentialAction\":[{\"@type\":\"ReadAction\",\"target\":[\"https:\\\/\\\/dominatesales.ee\\\/en\\\/ambitsioon\\\/\"]}]},{\"@type\":\"ImageObject\",\"inLanguage\":\"en-US\",\"@id\":\"https:\\\/\\\/dominatesales.ee\\\/en\\\/ambitsioon\\\/#primaryimage\",\"url\":\"https:\\\/\\\/dominatesales.ee\\\/wp-content\\\/uploads\\\/2019\\\/02\\\/Ambitsioon-1206x799.jpg\",\"contentUrl\":\"https:\\\/\\\/dominatesales.ee\\\/wp-content\\\/uploads\\\/2019\\\/02\\\/Ambitsioon-1206x799.jpg\"},{\"@type\":\"BreadcrumbList\",\"@id\":\"https:\\\/\\\/dominatesales.ee\\\/en\\\/ambitsioon\\\/#breadcrumb\",\"itemListElement\":[{\"@type\":\"ListItem\",\"position\":1,\"name\":\"Home\",\"item\":\"https:\\\/\\\/dominatesales.ee\\\/en\\\/\"},{\"@type\":\"ListItem\",\"position\":2,\"name\":\"Ambition\"}]},{\"@type\":\"WebSite\",\"@id\":\"https:\\\/\\\/dominatesales.ee\\\/en\\\/#website\",\"url\":\"https:\\\/\\\/dominatesales.ee\\\/en\\\/\",\"name\":\"Dominate Sales\",\"description\":\"\",\"publisher\":{\"@id\":\"https:\\\/\\\/dominatesales.ee\\\/en\\\/#organization\"},\"potentialAction\":[{\"@type\":\"SearchAction\",\"target\":{\"@type\":\"EntryPoint\",\"urlTemplate\":\"https:\\\/\\\/dominatesales.ee\\\/en\\\/?s={search_term_string}\"},\"query-input\":{\"@type\":\"PropertyValueSpecification\",\"valueRequired\":true,\"valueName\":\"search_term_string\"}}],\"inLanguage\":\"en-US\"},{\"@type\":\"Organization\",\"@id\":\"https:\\\/\\\/dominatesales.ee\\\/en\\\/#organization\",\"name\":\"Dominate Sales\",\"url\":\"https:\\\/\\\/dominatesales.ee\\\/en\\\/\",\"logo\":{\"@type\":\"ImageObject\",\"inLanguage\":\"en-US\",\"@id\":\"https:\\\/\\\/dominatesales.ee\\\/en\\\/#\\\/schema\\\/logo\\\/image\\\/\",\"url\":\"https:\\\/\\\/dominatesales.ee\\\/wp-content\\\/uploads\\\/2018\\\/09\\\/M\u00fc\u00fcgikoolitused.png\",\"contentUrl\":\"https:\\\/\\\/dominatesales.ee\\\/wp-content\\\/uploads\\\/2018\\\/09\\\/M\u00fc\u00fcgikoolitused.png\",\"width\":76,\"height\":84,\"caption\":\"Dominate Sales\"},\"image\":{\"@id\":\"https:\\\/\\\/dominatesales.ee\\\/en\\\/#\\\/schema\\\/logo\\\/image\\\/\"}}]}<\/script>\n<!-- \/ Yoast SEO plugin. -->","yoast_head_json":{"title":"Ambition, t\u00f5sine soov teha muutus - Dominate Sales","description":"Ambitsioon on eksklusiivne programm neile, kellel on t\u00f5sine soov teha endas v\u00f5i oma firmas muutus JA hakata garanteeritult kaks korda paremini m\u00fc\u00fcma!","robots":{"index":"index","follow":"follow","max-snippet":"max-snippet:-1","max-image-preview":"max-image-preview:large","max-video-preview":"max-video-preview:-1"},"canonical":"https:\/\/dominatesales.ee\/en\/ambitsioon\/","og_locale":"en_US","og_type":"article","og_title":"Ambition, t\u00f5sine soov teha muutus - Dominate Sales","og_description":"Ambitsioon on eksklusiivne programm neile, kellel on t\u00f5sine soov teha endas v\u00f5i oma firmas muutus JA hakata garanteeritult kaks korda paremini m\u00fc\u00fcma!","og_url":"https:\/\/dominatesales.ee\/en\/ambitsioon\/","og_site_name":"Dominate Sales","article_modified_time":"2019-12-09T13:01:54+00:00","og_image":[{"url":"https:\/\/dominatesales.ee\/wp-content\/uploads\/2019\/02\/Ambitsioon-1206x799.jpg","type":"","width":"","height":""}],"twitter_card":"summary_large_image","twitter_misc":{"Est. reading time":"1 minute"},"schema":{"@context":"https:\/\/schema.org","@graph":[{"@type":"WebPage","@id":"https:\/\/dominatesales.ee\/en\/ambitsioon\/","url":"https:\/\/dominatesales.ee\/en\/ambitsioon\/","name":"Ambition, t\u00f5sine soov teha muutus - Dominate Sales","isPartOf":{"@id":"https:\/\/dominatesales.ee\/en\/#website"},"primaryImageOfPage":{"@id":"https:\/\/dominatesales.ee\/en\/ambitsioon\/#primaryimage"},"image":{"@id":"https:\/\/dominatesales.ee\/en\/ambitsioon\/#primaryimage"},"thumbnailUrl":"https:\/\/dominatesales.ee\/wp-content\/uploads\/2019\/02\/Ambitsioon-1206x799.jpg","datePublished":"2019-02-28T05:25:20+00:00","dateModified":"2019-12-09T13:01:54+00:00","description":"Ambitsioon on eksklusiivne programm neile, kellel on t\u00f5sine soov teha endas v\u00f5i oma firmas muutus JA hakata garanteeritult kaks korda paremini m\u00fc\u00fcma!","breadcrumb":{"@id":"https:\/\/dominatesales.ee\/en\/ambitsioon\/#breadcrumb"},"inLanguage":"en-US","potentialAction":[{"@type":"ReadAction","target":["https:\/\/dominatesales.ee\/en\/ambitsioon\/"]}]},{"@type":"ImageObject","inLanguage":"en-US","@id":"https:\/\/dominatesales.ee\/en\/ambitsioon\/#primaryimage","url":"https:\/\/dominatesales.ee\/wp-content\/uploads\/2019\/02\/Ambitsioon-1206x799.jpg","contentUrl":"https:\/\/dominatesales.ee\/wp-content\/uploads\/2019\/02\/Ambitsioon-1206x799.jpg"},{"@type":"BreadcrumbList","@id":"https:\/\/dominatesales.ee\/en\/ambitsioon\/#breadcrumb","itemListElement":[{"@type":"ListItem","position":1,"name":"Home","item":"https:\/\/dominatesales.ee\/en\/"},{"@type":"ListItem","position":2,"name":"Ambition"}]},{"@type":"WebSite","@id":"https:\/\/dominatesales.ee\/en\/#website","url":"https:\/\/dominatesales.ee\/en\/","name":"Dominate Sales","description":"","publisher":{"@id":"https:\/\/dominatesales.ee\/en\/#organization"},"potentialAction":[{"@type":"SearchAction","target":{"@type":"EntryPoint","urlTemplate":"https:\/\/dominatesales.ee\/en\/?s={search_term_string}"},"query-input":{"@type":"PropertyValueSpecification","valueRequired":true,"valueName":"search_term_string"}}],"inLanguage":"en-US"},{"@type":"Organization","@id":"https:\/\/dominatesales.ee\/en\/#organization","name":"Dominate Sales","url":"https:\/\/dominatesales.ee\/en\/","logo":{"@type":"ImageObject","inLanguage":"en-US","@id":"https:\/\/dominatesales.ee\/en\/#\/schema\/logo\/image\/","url":"https:\/\/dominatesales.ee\/wp-content\/uploads\/2018\/09\/M\u00fc\u00fcgikoolitused.png","contentUrl":"https:\/\/dominatesales.ee\/wp-content\/uploads\/2018\/09\/M\u00fc\u00fcgikoolitused.png","width":76,"height":84,"caption":"Dominate Sales"},"image":{"@id":"https:\/\/dominatesales.ee\/en\/#\/schema\/logo\/image\/"}}]}},"_links":{"self":[{"href":"https:\/\/dominatesales.ee\/en\/wp-json\/wp\/v2\/pages\/857","targetHints":{"allow":["GET"]}}],"collection":[{"href":"https:\/\/dominatesales.ee\/en\/wp-json\/wp\/v2\/pages"}],"about":[{"href":"https:\/\/dominatesales.ee\/en\/wp-json\/wp\/v2\/types\/page"}],"author":[{"embeddable":true,"href":"https:\/\/dominatesales.ee\/en\/wp-json\/wp\/v2\/users\/3"}],"replies":[{"embeddable":true,"href":"https:\/\/dominatesales.ee\/en\/wp-json\/wp\/v2\/comments?post=857"}],"version-history":[{"count":5,"href":"https:\/\/dominatesales.ee\/en\/wp-json\/wp\/v2\/pages\/857\/revisions"}],"predecessor-version":[{"id":1341,"href":"https:\/\/dominatesales.ee\/en\/wp-json\/wp\/v2\/pages\/857\/revisions\/1341"}],"wp:attachment":[{"href":"https:\/\/dominatesales.ee\/en\/wp-json\/wp\/v2\/media?parent=857"}],"curies":[{"name":"wp","href":"https:\/\/api.w.org\/{rel}","templated":true}]}}